{"id":172,"date":"2019-01-04T11:02:16","date_gmt":"2019-01-04T11:02:16","guid":{"rendered":"https:\/\/mecapg.com\/httpdocs\/w2\/?page_id=172"},"modified":"2019-07-16T16:11:21","modified_gmt":"2019-07-16T16:11:21","slug":"metrologia","status":"publish","type":"page","link":"https:\/\/mecapg.com\/w2\/metrologia\/","title":{"rendered":"Metrolog\u00eda"},"content":{"rendered":"<p>[et_pb_section fb_built=\u00bb1&#8243; _builder_version=\u00bb3.22.7&#8243; custom_padding=\u00bb50px|0px|50px|0|false|false\u00bb][et_pb_row custom_padding=\u00bb105px|0px|100px|0px|false|false\u00bb _builder_version=\u00bb3.26.2&#8243; background_image=\u00bbhttps:\/\/mecapg.com\/w2\/wp-content\/uploads\/2019\/01\/technical-drawing-3324368_1280-e1546599240660.jpg\u00bb parallax=\u00bbon\u00bb min_height=\u00bb827px\u00bb parallax_method=\u00bboff\u00bb][et_pb_column type=\u00bb4_4&#8243; _builder_version=\u00bb3.25&#8243; custom_padding=\u00bb|||\u00bb custom_padding__hover=\u00bb|||\u00bb][et_pb_cta title=\u00bbMetrolog\u00eda\u00bb _builder_version=\u00bb3.23.3&#8243; header_level=\u00bbh1&#8243; header_font=\u00bb|700|||||||\u00bb header_text_align=\u00bbcenter\u00bb header_font_size=\u00bb40px\u00bb body_font=\u00bb||||||||\u00bb body_text_align=\u00bbleft\u00bb body_font_size=\u00bb16px\u00bb background_color=\u00bbrgba(0,0,0,0.85)\u00bb animation_style=\u00bbzoom\u00bb animation_duration=\u00bb1500ms\u00bb animation_intensity_zoom=\u00bb80%\u00bb header_font_size_tablet=\u00bb30px\u00bb header_font_size_phone=\u00bb20px\u00bb header_font_size_last_edited=\u00bbon|phone\u00bb]<\/p>\n<p>&nbsp;<\/p>\n<p>Disponemos de todos los recursos necesarios para cubrir las necesidades que pueda tener el cliente.<\/p>\n<p>Desarrollamos estudios internos y externos para terceras personas, realizando homologaciones completas conjuntamente con cliente o proveedor.<\/p>\n<p>Realizaci\u00f3n de estudios y proyectos para la construcci\u00f3n de galgas y \u00fatiles de posici\u00f3n con informe final.<\/p>\n<p>&nbsp;<\/p>\n<h3><span><strong>Recursos<\/strong><\/span><\/h3>\n<ul>\n<li><span>Personal cualificado para realizar cualquier estudio.<\/span><\/li>\n<li>\u00datiles de posici\u00f3n propios.<\/li>\n<li>Programa de dise\u00f1o Unigraphics.<\/li>\n<li>M\u00e1quina Dea GAMMA con PC-DMIS X1800 Y1200 Z1000.<\/li>\n<li>\u00datiles de medici\u00f3n propios de cualquier laboratorio de metrolog\u00eda.<\/li>\n<li>Alta capacidad de respuesta ante urgencias.<\/li>\n<li>Gran experiencia en el sector de la automoci\u00f3n y matricer\u00eda<\/li>\n<\/ul>\n<p>[\/et_pb_cta][\/et_pb_column][\/et_pb_row][\/et_pb_section]<\/p>\n","protected":false},"excerpt":{"rendered":"<p>&nbsp; Disponemos de todos los recursos necesarios para cubrir las necesidades que pueda tener el cliente. Desarrollamos estudios internos y externos para terceras personas, realizando homologaciones completas conjuntamente con cliente o proveedor. Realizaci\u00f3n de estudios y proyectos para la construcci\u00f3n de galgas y \u00fatiles de posici\u00f3n con informe final. &nbsp; Recursos Personal cualificado para realizar [&hellip;]<\/p>\n","protected":false},"author":2,"featured_media":0,"parent":0,"menu_order":0,"comment_status":"closed","ping_status":"closed","template":"","meta":{"_et_pb_use_builder":"on","_et_pb_old_content":"","_et_gb_content_width":"","footnotes":""},"class_list":["post-172","page","type-page","status-publish","hentry"],"_links":{"self":[{"href":"https:\/\/mecapg.com\/w2\/wp-json\/wp\/v2\/pages\/172","targetHints":{"allow":["GET"]}}],"collection":[{"href":"https:\/\/mecapg.com\/w2\/wp-json\/wp\/v2\/pages"}],"about":[{"href":"https:\/\/mecapg.com\/w2\/wp-json\/wp\/v2\/types\/page"}],"author":[{"embeddable":true,"href":"https:\/\/mecapg.com\/w2\/wp-json\/wp\/v2\/users\/2"}],"replies":[{"embeddable":true,"href":"https:\/\/mecapg.com\/w2\/wp-json\/wp\/v2\/comments?post=172"}],"version-history":[{"count":8,"href":"https:\/\/mecapg.com\/w2\/wp-json\/wp\/v2\/pages\/172\/revisions"}],"predecessor-version":[{"id":712,"href":"https:\/\/mecapg.com\/w2\/wp-json\/wp\/v2\/pages\/172\/revisions\/712"}],"wp:attachment":[{"href":"https:\/\/mecapg.com\/w2\/wp-json\/wp\/v2\/media?parent=172"}],"curies":[{"name":"wp","href":"https:\/\/api.w.org\/{rel}","templated":true}]}}