{"id":239,"date":"2019-05-01T07:54:45","date_gmt":"2019-05-01T07:54:45","guid":{"rendered":"https:\/\/mecapg.com\/httpdocs\/w2\/?page_id=239"},"modified":"2020-07-23T09:35:42","modified_gmt":"2020-07-23T09:35:42","slug":"mecanizados","status":"publish","type":"page","link":"https:\/\/mecapg.com\/w2\/mecanizados\/","title":{"rendered":"Mecanizado"},"content":{"rendered":"<p>[et_pb_section fb_built=\u00bb1&#8243; _builder_version=\u00bb3.22.3&#8243; width=\u00bb99.3%\u00bb][et_pb_row _builder_version=\u00bb3.25&#8243;][et_pb_column type=\u00bb4_4&#8243; _builder_version=\u00bb3.25&#8243; custom_padding=\u00bb|||\u00bb custom_padding__hover=\u00bb|||\u00bb][et_pb_gallery gallery_ids=\u00bb325,327,328,326&#8243; fullwidth=\u00bbon\u00bb _builder_version=\u00bb3.29.3&#8243; animation_style=\u00bbfade\u00bb auto=\u00bbon\u00bb auto_speed=\u00bb4000&#8243;][\/et_pb_gallery][\/et_pb_column][\/et_pb_row][\/et_pb_section][et_pb_section fb_built=\u00bb1&#8243; fullwidth=\u00bbon\u00bb _builder_version=\u00bb3.22.3&#8243;][et_pb_fullwidth_header title=\u00bbMecanizado\u00bb text_orientation=\u00bbcenter\u00bb _builder_version=\u00bb3.25.4&#8243; title_font=\u00bb||||||||\u00bb title_text_align=\u00bbcenter\u00bb title_text_color=\u00bb#e02b20&#8243; title_font_size=\u00bb44px\u00bb title_line_height=\u00bb1.5em\u00bb content_font=\u00bb||||||||\u00bb content_text_align=\u00bbjustify\u00bb content_font_size=\u00bb18px\u00bb content_line_height=\u00bb1.5em\u00bb background_color=\u00bb#242424&#8243; custom_padding=\u00bb31px|||||\u00bb title_font_size_tablet=\u00bb33px\u00bb title_font_size_phone=\u00bb33px\u00bb title_font_size_last_edited=\u00bbon|phone\u00bb content_font_size_tablet=\u00bb16px\u00bb content_font_size_phone=\u00bb14px\u00bb content_font_size_last_edited=\u00bbon|tablet\u00bb]<\/p>\n<p><strong>TORNEADO<\/strong><br \/> Disponemos tanto de tornos CNC como convencionales para la producci\u00f3n en series cortas de piezas torneadas, as\u00ed como piezas unitarias y especiales, seg\u00fan especificaci\u00f3n requeridas. Trabajos con toda clase de materiales del sector industrial, aceros especiales, inoxidables, aluminios, pl\u00e1sticos t\u00e9cnicos, aluminios,&#8230;. <br \/> <strong>FRESADO<\/strong> <br \/> Disponemos de 4 fresadoras de bancada fija para desarrollar trabajos de tama\u00f1os medios-grandes a requerimiento de cliente, con gran experiencia en conjuntos mecanosoldados, as\u00ed como mecanizado de superficies complejas.<br \/> <strong>CENTROS CNC<\/strong><br \/> Dispones de 6 centros de mecanizado de 3, 4 y 5 ejes con una gran capacidad para desarrollar grandes vol\u00famenes de trabajo y asegurando la calidad bajo la exigencia de nuestros clientes.<br \/> OTRAS M\u00c1QUINAS <br \/> Rectificadora, electroerosi\u00f3n, taladros, prensa hidr\u00e1ulica, prensa de golpe, sierras, mortajadora, roscadora, chorro de arena, marcadoras l\u00e1ser y micropercusi\u00f3n,&#8230;<br \/> <strong>CALIDAD y VERIFICACI\u00d3N<\/strong> <br \/> Nuestro departamento de calidad asegura que nuestros trabajos cumplan al 100% con calidad exigida por nuestros clientes, contamos con equipos de gran precisi\u00f3n, m\u00e1quina tridimensional y brazo FARO<br \/> Estamos certificados seg\u00fan NORMA<strong> ISO 9001:2015<\/strong><\/p>\n<p>[\/et_pb_fullwidth_header][\/et_pb_section][et_pb_section fb_built=\u00bb1&#8243; _builder_version=\u00bb3.22.3&#8243; width=\u00bb99.7%\u00bb custom_padding=\u00bb|1px||||\u00bb][et_pb_row column_structure=\u00bb1_3,1_3,1_3&#8243; _builder_version=\u00bb3.25&#8243;][et_pb_column type=\u00bb1_3&#8243; _builder_version=\u00bb3.25&#8243; custom_padding=\u00bb|||\u00bb custom_padding__hover=\u00bb|||\u00bb][et_pb_image src=\u00bbhttps:\/\/mecapg.com\/w2\/wp-content\/uploads\/2019\/04\/mecanizado1.jpg\u00bb align=\u00bbcenter\u00bb force_fullwidth=\u00bbon\u00bb align_tablet=\u00bbcenter\u00bb align_phone=\u00bb\u00bb align_last_edited=\u00bbon|desktop\u00bb _builder_version=\u00bb3.23&#8243; max_height=\u00bb1000px\u00bb][\/et_pb_image][\/et_pb_column][et_pb_column type=\u00bb1_3&#8243; _builder_version=\u00bb3.25&#8243; custom_padding=\u00bb|||\u00bb custom_padding__hover=\u00bb|||\u00bb][et_pb_image src=\u00bbhttps:\/\/mecapg.com\/w2\/wp-content\/uploads\/2019\/04\/mecanizado2.jpg\u00bb force_fullwidth=\u00bbon\u00bb align_tablet=\u00bbcenter\u00bb align_phone=\u00bb\u00bb align_last_edited=\u00bbon|desktop\u00bb _builder_version=\u00bb3.23&#8243;][\/et_pb_image][\/et_pb_column][et_pb_column type=\u00bb1_3&#8243; _builder_version=\u00bb3.25&#8243; custom_padding=\u00bb|||\u00bb custom_padding__hover=\u00bb|||\u00bb][et_pb_image src=\u00bbhttps:\/\/mecapg.com\/w2\/wp-content\/uploads\/2019\/04\/mecanizado5.jpg\u00bb force_fullwidth=\u00bbon\u00bb align_tablet=\u00bbcenter\u00bb align_phone=\u00bb\u00bb align_last_edited=\u00bbon|desktop\u00bb _builder_version=\u00bb3.23&#8243;][\/et_pb_image][\/et_pb_column][\/et_pb_row][et_pb_row column_structure=\u00bb1_3,1_3,1_3&#8243; _builder_version=\u00bb3.25&#8243;][et_pb_column type=\u00bb1_3&#8243; _builder_version=\u00bb3.25&#8243; custom_padding=\u00bb|||\u00bb custom_padding__hover=\u00bb|||\u00bb][et_pb_image src=\u00bbhttps:\/\/mecapg.com\/w2\/wp-content\/uploads\/2019\/04\/mecanizado4.jpg\u00bb force_fullwidth=\u00bbon\u00bb align_tablet=\u00bbcenter\u00bb align_phone=\u00bb\u00bb align_last_edited=\u00bbon|desktop\u00bb _builder_version=\u00bb3.23&#8243;][\/et_pb_image][\/et_pb_column][et_pb_column type=\u00bb1_3&#8243; _builder_version=\u00bb3.25&#8243; custom_padding=\u00bb|||\u00bb custom_padding__hover=\u00bb|||\u00bb][et_pb_image src=\u00bbhttps:\/\/mecapg.com\/w2\/wp-content\/uploads\/2019\/04\/mecanizado6.jpg\u00bb force_fullwidth=\u00bbon\u00bb align_tablet=\u00bbcenter\u00bb align_phone=\u00bb\u00bb align_last_edited=\u00bbon|desktop\u00bb _builder_version=\u00bb3.23&#8243;][\/et_pb_image][\/et_pb_column][et_pb_column type=\u00bb1_3&#8243; _builder_version=\u00bb3.25&#8243; custom_padding=\u00bb|||\u00bb custom_padding__hover=\u00bb|||\u00bb][et_pb_image src=\u00bbhttps:\/\/mecapg.com\/w2\/wp-content\/uploads\/2019\/04\/mecanizado3.jpg\u00bb force_fullwidth=\u00bbon\u00bb align_tablet=\u00bbcenter\u00bb align_phone=\u00bb\u00bb align_last_edited=\u00bbon|desktop\u00bb _builder_version=\u00bb3.23&#8243;][\/et_pb_image][\/et_pb_column][\/et_pb_row][\/et_pb_section]<\/p>\n","protected":false},"excerpt":{"rendered":"<p>TORNEADO Disponemos tanto de tornos CNC como convencionales para la producci\u00f3n en series cortas de piezas torneadas, as\u00ed como piezas unitarias y especiales, seg\u00fan especificaci\u00f3n requeridas. Trabajos con toda clase de materiales del sector industrial, aceros especiales, inoxidables, aluminios, pl\u00e1sticos t\u00e9cnicos, aluminios,&#8230;. FRESADO Disponemos de 4 fresadoras de bancada fija para desarrollar trabajos de tama\u00f1os [&hellip;]<\/p>\n","protected":false},"author":2,"featured_media":0,"parent":0,"menu_order":0,"comment_status":"closed","ping_status":"closed","template":"","meta":{"_et_pb_use_builder":"on","_et_pb_old_content":"","_et_gb_content_width":"","footnotes":""},"class_list":["post-239","page","type-page","status-publish","hentry"],"_links":{"self":[{"href":"https:\/\/mecapg.com\/w2\/wp-json\/wp\/v2\/pages\/239","targetHints":{"allow":["GET"]}}],"collection":[{"href":"https:\/\/mecapg.com\/w2\/wp-json\/wp\/v2\/pages"}],"about":[{"href":"https:\/\/mecapg.com\/w2\/wp-json\/wp\/v2\/types\/page"}],"author":[{"embeddable":true,"href":"https:\/\/mecapg.com\/w2\/wp-json\/wp\/v2\/users\/2"}],"replies":[{"embeddable":true,"href":"https:\/\/mecapg.com\/w2\/wp-json\/wp\/v2\/comments?post=239"}],"version-history":[{"count":18,"href":"https:\/\/mecapg.com\/w2\/wp-json\/wp\/v2\/pages\/239\/revisions"}],"predecessor-version":[{"id":953,"href":"https:\/\/mecapg.com\/w2\/wp-json\/wp\/v2\/pages\/239\/revisions\/953"}],"wp:attachment":[{"href":"https:\/\/mecapg.com\/w2\/wp-json\/wp\/v2\/media?parent=239"}],"curies":[{"name":"wp","href":"https:\/\/api.w.org\/{rel}","templated":true}]}}