{"id":81,"date":"2018-12-29T23:07:45","date_gmt":"2018-12-29T23:07:45","guid":{"rendered":"https:\/\/mecapg.com\/httpdocs\/w2\/?page_id=81"},"modified":"2019-08-12T15:17:02","modified_gmt":"2019-08-12T15:17:02","slug":"quienes-somos","status":"publish","type":"page","link":"https:\/\/mecapg.com\/w2\/quienes-somos\/","title":{"rendered":"EMPRESA"},"content":{"rendered":"<p>[et_pb_section fb_built=\u00bb1&#8243; _builder_version=\u00bb3.22.3&#8243;][et_pb_row _builder_version=\u00bb3.25&#8243; background_size=\u00bbinitial\u00bb background_position=\u00bbtop_left\u00bb background_repeat=\u00bbrepeat\u00bb][et_pb_column type=\u00bb4_4&#8243; _builder_version=\u00bb3.25&#8243; custom_padding=\u00bb|||\u00bb custom_padding__hover=\u00bb|||\u00bb][et_pb_image src=\u00bbhttps:\/\/mecapg.com\/w2\/wp-content\/uploads\/2018\/12\/fotoAereaNavePG.jpg\u00bb force_fullwidth=\u00bbon\u00bb _builder_version=\u00bb3.26.6&#8243; custom_margin=\u00bb||1px|||\u00bb custom_padding=\u00bb||6px|||\u00bb][\/et_pb_image][et_pb_image src=\u00bbhttps:\/\/mecapg.com\/w2\/wp-content\/uploads\/2018\/12\/navePradillo3-1024&#215;215.jpg\u00bb force_fullwidth=\u00bbon\u00bb _builder_version=\u00bb3.26.6&#8243; custom_margin=\u00bb-10px|||||\u00bb custom_padding=\u00bb2px|||||\u00bb][\/et_pb_image][et_pb_text _builder_version=\u00bb3.26.6&#8243; background_size=\u00bbinitial\u00bb background_position=\u00bbtop_left\u00bb background_repeat=\u00bbrepeat\u00bb hover_enabled=\u00bb0&#8243; background_color=\u00bb#ffffff\u00bb text_text_align=\u00bbjustify\u00bb text_font_size=\u00bb16px\u00bb text_font_size_last_edited=\u00bbon|phone\u00bb text_font_size_phone=\u00bb14px\u00bb border_width_all=\u00bb1px\u00bb border_color_all=\u00bb#e01f45&#8243; custom_padding=\u00bb|50px|43px|50px||\u00bb]<\/p>\n<p><!-- divi:image {\"id\":93,\"align\":\"center\"} --><\/p>\n<div class=\"wp-block-image\">\n<figure class=\"aligncenter\" style=\"text-align: left;\"><\/figure>\n<figure class=\"aligncenter\"><\/figure>\n<\/div>\n<p><!-- \/divi:image --> <!-- divi:paragraph -->\u00a0<\/p>\n<p><!-- \/divi:paragraph --> <!-- divi:paragraph -->Mecanizados PG Solutions nace en Octubre del 2003 siguiendo la iniciativa de formar una empresa para dar un servicio de mecanizado de piecer\u00edo y reparaci\u00f3n de m\u00e1quinas para el sector industrial.\u00a0<\/p>\n<p><!-- \/divi:paragraph --> <!-- divi:paragraph -->Dada la ubicaci\u00f3n de las instalaciones, Pedrola (Zaragoza), una localizaci\u00f3n con una actividad industrial muy intensa, la carga de trabajo y los servicios solicitados han ido creciendo r\u00e1pidamente.\u00a0<\/p>\n<p><!-- \/divi:paragraph --> <!-- divi:paragraph -->La plantilla, formada inicialmente por dos profesionales provenientes del mantenimiento en la industria de la automoci\u00f3n y de la mecanizaci\u00f3n especial de alta precisi\u00f3n, ha ido aumentando hasta las 40 personas que la integran en la actualidad.\u00a0<\/p>\n<p><!-- \/divi:paragraph --> <!-- divi:paragraph -->Las actividades se han diversificado para llegar a ofrecer los servicios que demanda el mercado, manteniendo siempre una filosof\u00eda de trabajo orientada a la calidad final, satisfacci\u00f3n total del cliente y una mejora interna de procesos.\u00a0<\/p>\n<p><!-- \/divi:paragraph --> <!-- divi:paragraph -->Una continua ampliaci\u00f3n de nuestras instalaciones, la experiencia adquirida y la especializaci\u00f3n de nuestra plantilla nos permite en el presente dar un servicio m\u00e1s completo y r\u00e1pido.\u00a0<\/p>\n<p><!-- \/divi:paragraph --> <!-- divi:image {\"id\":94} --><\/p>\n<p><!-- \/divi:image --> <!-- divi:image {\"id\":95} --><\/p>\n<figure class=\"wp-block-image\"><\/figure>\n<p><!-- \/divi:image --><\/p>\n<p>[\/et_pb_text][\/et_pb_column][\/et_pb_row][\/et_pb_section]<\/p>\n","protected":false},"excerpt":{"rendered":"<p>\u00a0 Mecanizados PG Solutions nace en Octubre del 2003 siguiendo la iniciativa de formar una empresa para dar un servicio de mecanizado de piecer\u00edo y reparaci\u00f3n de m\u00e1quinas para el sector industrial.\u00a0 Dada la ubicaci\u00f3n de las instalaciones, Pedrola (Zaragoza), una localizaci\u00f3n con una actividad industrial muy intensa, la carga de trabajo y los servicios [&hellip;]<\/p>\n","protected":false},"author":2,"featured_media":0,"parent":0,"menu_order":0,"comment_status":"closed","ping_status":"closed","template":"","meta":{"_et_pb_use_builder":"on","_et_pb_old_content":"<!-- wp:image {\"id\":93,\"align\":\"center\"} -->\n<div class=\"wp-block-image\"><figure class=\"aligncenter\"><img src=\"https:\/\/mecapg.com\/w2\/wp-content\/uploads\/2018\/12\/fotoAereaNavePG.jpg\" alt=\"\" class=\"wp-image-93\"\/><\/figure><\/div>\n<!-- \/wp:image -->\n\n<!-- wp:paragraph -->\n<p><\/p>\n<!-- \/wp:paragraph -->\n\n<!-- wp:paragraph -->\n<p>Mecanizados PG Solutions nace en Octubre del 2003 siguiendo la iniciativa de formar una empresa para dar un servicio de mecanizado de piecer\u00edo y reparaci\u00f3n de m\u00e1quinas para el sector industrial.<\/p>\n<!-- \/wp:paragraph -->\n\n<!-- wp:paragraph -->\n<p>Dada la ubicaci\u00f3n de las instalaciones, Pedrola (Zaragoza), una localizaci\u00f3n con una actividad industrial muy intensa, la carga de trabajo y los servicios solicitados han ido creciendo r\u00e1pidamente.<\/p>\n<!-- \/wp:paragraph -->\n\n<!-- wp:paragraph -->\n<p>La plantilla, formada inicialmente por dos profesionales provenientes del mantenimiento en la industria de la automoci\u00f3n y de la mecanizaci\u00f3n especial de alta precisi\u00f3n, ha ido aumentando hasta las 40 personas que la integran en la actualidad.<\/p>\n<!-- \/wp:paragraph -->\n\n<!-- wp:paragraph -->\n<p>Las actividades se han diversificado para llegar a ofrecer los servicios que demanda el mercado, manteniendo siempre una filosof\u00eda de trabajo orientada a la calidad final, satisfacci\u00f3n total del cliente y una mejora interna de procesos.<\/p>\n<!-- \/wp:paragraph -->\n\n<!-- wp:paragraph -->\n<p>Una continua ampliaci\u00f3n de nuestras instalaciones, la experiencia adquirida y la especializaci\u00f3n de nuestra plantilla nos permite en el presente dar un servicio m\u00e1s completo y r\u00e1pido.<\/p>\n<!-- \/wp:paragraph -->\n\n<!-- wp:image {\"id\":94} -->\n<figure class=\"wp-block-image\"><img src=\"https:\/\/mecapg.com\/w2\/wp-content\/uploads\/2018\/12\/navePradillo3-1024x215-1024x215.jpg\" alt=\"\" class=\"wp-image-94\"\/><\/figure>\n<!-- \/wp:image -->\n\n<!-- wp:image {\"id\":95} -->\n<figure class=\"wp-block-image\"><img src=\"https:\/\/mecapg.com\/w2\/wp-content\/uploads\/2018\/12\/OrganigramaFotos-1024x708-1024x708.jpg\" alt=\"\" class=\"wp-image-95\"\/><\/figure>\n<!-- \/wp:image -->","_et_gb_content_width":"","footnotes":""},"class_list":["post-81","page","type-page","status-publish","hentry"],"_links":{"self":[{"href":"https:\/\/mecapg.com\/w2\/wp-json\/wp\/v2\/pages\/81","targetHints":{"allow":["GET"]}}],"collection":[{"href":"https:\/\/mecapg.com\/w2\/wp-json\/wp\/v2\/pages"}],"about":[{"href":"https:\/\/mecapg.com\/w2\/wp-json\/wp\/v2\/types\/page"}],"author":[{"embeddable":true,"href":"https:\/\/mecapg.com\/w2\/wp-json\/wp\/v2\/users\/2"}],"replies":[{"embeddable":true,"href":"https:\/\/mecapg.com\/w2\/wp-json\/wp\/v2\/comments?post=81"}],"version-history":[{"count":14,"href":"https:\/\/mecapg.com\/w2\/wp-json\/wp\/v2\/pages\/81\/revisions"}],"predecessor-version":[{"id":775,"href":"https:\/\/mecapg.com\/w2\/wp-json\/wp\/v2\/pages\/81\/revisions\/775"}],"wp:attachment":[{"href":"https:\/\/mecapg.com\/w2\/wp-json\/wp\/v2\/media?parent=81"}],"curies":[{"name":"wp","href":"https:\/\/api.w.org\/{rel}","templated":true}]}}