{"id":926,"date":"2019-09-24T10:05:48","date_gmt":"2019-09-24T10:05:48","guid":{"rendered":"http:\/\/mecapg.com\/w2\/aviso-legal\/"},"modified":"2025-01-17T09:03:59","modified_gmt":"2025-01-17T09:03:59","slug":"aviso-legal","status":"publish","type":"page","link":"https:\/\/mecapg.com\/w2\/aviso-legal\/","title":{"rendered":"Aviso Legal"},"content":{"rendered":"<p>[et_pb_section fb_built=\u00bb1&#8243; _builder_version=\u00bb4.16&#8243; _module_preset=\u00bbdefault\u00bb global_colors_info=\u00bb{}\u00bb][et_pb_row _builder_version=\u00bb4.16&#8243; _module_preset=\u00bbdefault\u00bb global_colors_info=\u00bb{}\u00bb][et_pb_column type=\u00bb4_4&#8243; _builder_version=\u00bb4.16&#8243; _module_preset=\u00bbdefault\u00bb global_colors_info=\u00bb{}\u00bb][et_pb_text _builder_version=\u00bb4.27.4&#8243; _module_preset=\u00bbdefault\u00bb hover_enabled=\u00bb0&#8243; global_colors_info=\u00bb{}\u00bb sticky_enabled=\u00bb0&#8243;]<\/p>\n<h2 style=\"text-align: justify;\"><a name=\"_Toc494962370\"><\/a>AVISO LEGAL<\/h2>\n<p style=\"text-align: justify;\">\n<p style=\"text-align: justify;\"><strong>INFORMACI\u00d3N GENERAL<\/strong><\/p>\n<p style=\"text-align: justify;\">El titular del sitio web www.mecapg.com es MECANIZADOS PG SOLUTION, S.L., con NIF B99059883 y domicilio sito en Calle C\/ PIRINEOS, 16 -PO\u0301L. IND. \u00abEL PRADILLO\u00bb, 50690, PEDROLA, (ZARAGOZA). La entidad se encuentra inscrita en el Registro Mercantil con los siguientes datos de inscripci\u00f3n: . \u00a0<\/p>\n<p style=\"text-align: justify;\">Con \u00e1nimo de que el uso del sitio web se ajuste a criterios de transparencia, claridad y sencillez, MECANIZADOS PG SOLUTION, S.L. informa al usuario que cualquier sugerencia, duda o consulta sobre el presente Aviso Legal o cualquier otro documento informativo del sitio web ser\u00e1 recibida y solucionada contactando con MECANIZADOS PG SOLUTION, S.L., a trav\u00e9s de la direcci\u00f3n de correo electr\u00f3nica: mecapg@mecapg.com<\/p>\n<p style=\"text-align: justify;\"><strong>\u00a0<\/strong><\/p>\n<p style=\"text-align: justify;\"><strong>PROPIEDAD INTELECTUAL<\/strong><\/p>\n<p style=\"text-align: justify;\">MECANIZADOS PG SOLUTION, S.L. es titular de los derechos de propiedad industrial derivados de los elementos que integran su p\u00e1gina web o, en cualquier caso, dispone de la correspondiente autorizaci\u00f3n para su utilizaci\u00f3n.<\/p>\n<p style=\"text-align: justify;\">El usuario reconoce y acepta que todos los derechos sobre el contenido de este sitio web pertenecen a MECANIZADOS PG SOLUTION, S.L. y que en consecuencia la modificaci\u00f3n, adaptaci\u00f3n, comunicaci\u00f3n p\u00fablica, distribuci\u00f3n, venta, alquiler y cualquier otro derecho de propiedad intelectual realizado por el usuario sin consentimiento de MECANIZADOS PG SOLUTION, S.L. queda prohibido.<\/p>\n<p style=\"text-align: justify;\">Todos los contenidos que se muestran en el presente sitio web, y en especial dise\u00f1os, textos, im\u00e1genes, logos, iconos, nombres comerciales, marcas o cualquier otra informaci\u00f3n susceptible de utilizaci\u00f3n industrial y\/o comercial est\u00e1n protegidos por los correspondientes derechos de autor, no permitiendo su reproducci\u00f3n, transmisi\u00f3n o registro de informaci\u00f3n salvo autorizaci\u00f3n previa del titular, MECANIZADOS PG SOLUTION, S.L.. No obstante, el usuario podr\u00e1 utilizar informaci\u00f3n facilitada para gestionar su pedido y los datos de contacto correspondientes.<\/p>\n<p style=\"text-align: justify;\"><strong>RESPONSABILIDADES DE LOS CONTENIDOS<\/strong><\/p>\n<p style=\"text-align: justify;\">MECANIZADOS PG SOLUTION, S.L. no garantiza el acceso continuado, ni la correcta visualizaci\u00f3n, descarga o utilidad de los elementos e informaci\u00f3n contenidos en las p\u00e1ginas web de MECANIZADOS PG SOLUTION, S.L., que pueden verse impedidos, dificultados o interrumpidos por factores o circunstancias fuera de su control.<\/p>\n<p style=\"text-align: justify;\">MECANIZADOS PG SOLUTION, S.L. no es responsable de la informaci\u00f3n y dem\u00e1s contenidos integrados en espacios o p\u00e1ginas web de terceros accesibles desde las p\u00e1ginas web de MECANIZADOS PG SOLUTION, S.L. mediante enlaces, hiperv\u00ednculos o links, ni de la informaci\u00f3n y dem\u00e1s contenidos integrados en espacios o p\u00e1ginas web de terceros desde los que se acceda mediante enlaces, hiperv\u00ednculos o links al portal de MECANIZADOS PG SOLUTION, S.L. o a cualquiera de sus p\u00e1ginas web, ni de la informaci\u00f3n y contenidos de cualquier p\u00e1gina web de terceros que se presente bajo la apariencia o signos distintivos de MECANIZADOS PG SOLUTION, S.L. salvo autorizaci\u00f3n expresa de esta \u00faltima.<\/p>\n<p style=\"text-align: justify;\">MECANIZADOS PG SOLUTION, S.L. y sus proveedores de informaci\u00f3n como terceras partes no asumen responsabilidad alguna con relaci\u00f3n a la informaci\u00f3n, contenidos de todo tipo, productos y servicios ofertados o prestados a trav\u00e9s de las p\u00e1ginas web de MECANIZADOS PG SOLUTION, S.L. por terceras personas o entidades, y, en especial, por los da\u00f1os y perjuicios de cualquier tipo que, vinculados a lo anterior, puedan producirse por:<\/p>\n<ul style=\"text-align: justify;\">\n<li>Ausencia o deficiencias en la informaci\u00f3n facilitada a los usuarios o en su veracidad, exactitud y suficiencia;<\/li>\n<li>Incumplimiento o cumplimiento defectuoso o impuntual de los contratos o relaciones precontractuales;<\/li>\n<li>Incumplimiento de las obligaciones que incumben a los prestadores de servicios de la sociedad de la informaci\u00f3n;<\/li>\n<li>Infracci\u00f3n de los derechos de los consumidores y usuarios;<\/li>\n<li>Infracci\u00f3n de los derechos de propiedad intelectual e industrial; realizaci\u00f3n de actos de competencia desleal o de publicidad il\u00edcita;<\/li>\n<li>Infracci\u00f3n del derecho de protecci\u00f3n de datos; del secreto profesional y de los derechos al honor, a la intimidad personal y familiar y a la imagen de las personas;<\/li>\n<li>En general, el incumplimiento de cualesquiera leyes, costumbres o c\u00f3digos de conducta que resulten de aplicaci\u00f3n y<\/li>\n<li>Cualquier decisi\u00f3n tomada en dependencia de la informaci\u00f3n suministrada a trav\u00e9s del portal de MECANIZADOS PG SOLUTION, S.L.<\/li>\n<\/ul>\n<p style=\"text-align: justify;\">\n<p style=\"text-align: justify;\"><strong>\u00a0<\/strong><\/p>\n<p style=\"text-align: justify;\"><strong>ACTUALIZACI\u00d3N Y MODIFICACI\u00d3N DE LA P\u00c1GINA WEB<\/strong><\/p>\n<p style=\"text-align: justify;\">\u00a0\u00a0\u00a0\u00a0\u00a0\u00a0\u00a0\u00a0\u00a0\u00a0\u00a0 MECANIZADOS PG SOLUTION, S.L. se reserva el derecho a actualizar, modificar o eliminar la informaci\u00f3n de esta p\u00e1gina web y su configuraci\u00f3n sin preaviso. De igual forma podr\u00e1 suspender su difusi\u00f3n total o parcialmente y modificar la estructura o contenido de la misma sin previo aviso.<\/p>\n<p style=\"text-align: justify;\">\u00a0\u00a0\u00a0\u00a0\u00a0\u00a0\u00a0\u00a0\u00a0\u00a0\u00a0 Para la resoluci\u00f3n de problemas o preguntas relacionadas con este sitio Web, puede ponerse en\u00a0 contacto con MECANIZADOS PG SOLUTION, S.L. en la siguiente direcci\u00f3n: mecapg@mecapg.com<\/p>\n<p style=\"text-align: justify;\"><strong>\u00a0<\/strong><\/p>\n<p style=\"text-align: justify;\"><strong>POL\u00cdTICA DE PRIVACIDAD Y PROTECCI\u00d3N DE DATOS<\/strong><\/p>\n<p style=\"text-align: justify;\">\u00a0\u00a0\u00a0\u00a0\u00a0\u00a0\u00a0\u00a0\u00a0\u00a0\u00a0 MECANIZADOS PG SOLUTION, S.L. cumple \u00edntegramente con la legislaci\u00f3n vigente en materia de protecci\u00f3n de datos de car\u00e1cter personal y con los compromisos de confidencialidad propios de la actividad bancaria.<\/p>\n<p style=\"text-align: justify;\">\u00a0\u00a0\u00a0\u00a0\u00a0\u00a0\u00a0\u00a0\u00a0\u00a0\u00a0 MECANIZADOS PG SOLUTION, S.L. ha adoptado las medidas t\u00e9cnicas necesarias para mantener el nivel de seguridad requerido, seg\u00fan la naturaleza de los datos personales tratados y las circunstancias del tratamiento, con el objeto de evitar, en la medida de lo posible y siempre seg\u00fan el estado de la t\u00e9cnica, su alteraci\u00f3n, p\u00e9rdida, tratamiento o acceso no autorizado.<\/p>\n<p style=\"text-align: justify;\">\u00a0\u00a0\u00a0\u00a0\u00a0\u00a0\u00a0\u00a0\u00a0\u00a0\u00a0 Cuando sea solicitada la cumplimentaci\u00f3n de un formulario en el que se recojan datos de car\u00e1cter personal, se informar\u00e1 al cliente o usuario del destinatario de la informaci\u00f3n, de la finalidad para la cual se recogen los datos, de la identidad y direcci\u00f3n del responsable del fichero y de la facultad del usuario de ejercitar los derechos de acceso, rectificaci\u00f3n, cancelaci\u00f3n y oposici\u00f3n al tratamiento de sus datos. Los datos personales recogidos solo ser\u00e1n tratados y\/o cedidos con la expresada finalidad, y siempre con el consentimiento del usuario o cliente.<\/p>\n<p style=\"text-align: justify;\">\u00a0\u00a0\u00a0\u00a0\u00a0\u00a0\u00a0\u00a0\u00a0\u00a0\u00a0 Para que la informaci\u00f3n que contienen nuestros ficheros est\u00e9 siempre actualizada y no contenga errores pedimos a nuestros clientes y usuarios que nos comuniquen, a la mayor brevedad posible, las modificaciones y rectificaciones de sus datos de car\u00e1cter personal.<\/p>\n<p style=\"text-align: justify;\"><strong>\u00a0<\/strong><\/p>\n<p style=\"text-align: justify;\"><strong>POL\u00cdTICA DE COOKIES<\/strong><\/p>\n<p style=\"text-align: justify;\"><strong>\u00a0\u00a0\u00a0\u00a0\u00a0\u00a0\u00a0\u00a0\u00a0\u00a0\u00a0 <\/strong>Las p\u00e1ginas web de MECANIZADOS PG SOLUTION, S.L. disponen de cookies, que son peque\u00f1os ficheros de datos que se almacenan en el ordenador del usuario o cliente y que pueden permitir a nuestros sistemas recordar caracter\u00edsticas o preferencias de la navegaci\u00f3n en nuestras p\u00e1ginas web que puedan servir para personalizar su acceso en sucesivas visitas, hacer m\u00e1s segura la navegaci\u00f3n, recabar informaci\u00f3n estad\u00edstica sobre la navegaci\u00f3n efectuada, o conocer preferencias de usuarios.<\/p>\n<p style=\"text-align: justify;\">\u00a0\u00a0\u00a0\u00a0\u00a0\u00a0\u00a0\u00a0\u00a0\u00a0\u00a0 La pol\u00edtica de cookies de MECANIZADOS PG SOLUTION, S.L. se sujeta a la normativa comunitaria y espa\u00f1ola en vigor, relativa al tratamiento de los datos personales y a la protecci\u00f3n de la intimidad en el sector de las comunicaciones electr\u00f3nicas. En virtud de esta, MECANIZADOS PG SOLUTION, S.L. le informar\u00e1 de las cookies que utiliza en cada uno de sus sitios web (\u201cInformaci\u00f3n acerca de las cookies utilizadas\u201d) y, cuando sea preciso, solicitar\u00e1 su consentimiento para poder utilizarlas.<\/p>\n<p style=\"text-align: justify;\"><strong>\u00a0<\/strong><\/p>\n<p style=\"text-align: justify;\"><strong>LEGISLACI\u00d3N APLICABLE<\/strong><\/p>\n<p style=\"text-align: justify;\">\u00a0\u00a0\u00a0\u00a0\u00a0\u00a0\u00a0\u00a0\u00a0\u00a0\u00a0 La ley aplicable en caso de disputa o conflicto de interpretaci\u00f3n de los t\u00e9rminos que conforman este aviso legal, as\u00ed como cualquier cuesti\u00f3n relacionada con los servicios del presente portal, ser\u00e1 la ley espa\u00f1ola.<\/p>\n<p>[\/et_pb_text][\/et_pb_column][\/et_pb_row][\/et_pb_section]<\/p>\n","protected":false},"excerpt":{"rendered":"<p>AVISO LEGAL INFORMACI\u00d3N GENERAL El titular del sitio web www.mecapg.com es MECANIZADOS PG SOLUTION, S.L., con NIF B99059883 y domicilio sito en Calle C\/ PIRINEOS, 16 -PO\u0301L. IND. \u00abEL PRADILLO\u00bb, 50690, PEDROLA, (ZARAGOZA). La entidad se encuentra inscrita en el Registro Mercantil con los siguientes datos de inscripci\u00f3n: . \u00a0 Con \u00e1nimo de que el [&hellip;]<\/p>\n","protected":false},"author":2,"featured_media":0,"parent":0,"menu_order":0,"comment_status":"closed","ping_status":"closed","template":"","meta":{"_et_pb_use_builder":"on","_et_pb_old_content":"","_et_gb_content_width":"","footnotes":""},"class_list":["post-926","page","type-page","status-publish","hentry"],"_links":{"self":[{"href":"https:\/\/mecapg.com\/w2\/wp-json\/wp\/v2\/pages\/926","targetHints":{"allow":["GET"]}}],"collection":[{"href":"https:\/\/mecapg.com\/w2\/wp-json\/wp\/v2\/pages"}],"about":[{"href":"https:\/\/mecapg.com\/w2\/wp-json\/wp\/v2\/types\/page"}],"author":[{"embeddable":true,"href":"https:\/\/mecapg.com\/w2\/wp-json\/wp\/v2\/users\/2"}],"replies":[{"embeddable":true,"href":"https:\/\/mecapg.com\/w2\/wp-json\/wp\/v2\/comments?post=926"}],"version-history":[{"count":5,"href":"https:\/\/mecapg.com\/w2\/wp-json\/wp\/v2\/pages\/926\/revisions"}],"predecessor-version":[{"id":993,"href":"https:\/\/mecapg.com\/w2\/wp-json\/wp\/v2\/pages\/926\/revisions\/993"}],"wp:attachment":[{"href":"https:\/\/mecapg.com\/w2\/wp-json\/wp\/v2\/media?parent=926"}],"curies":[{"name":"wp","href":"https:\/\/api.w.org\/{rel}","templated":true}]}}